{"id":8739,"date":"2025-01-17T14:30:27","date_gmt":"2025-01-17T13:30:27","guid":{"rendered":"https:\/\/dptlab.com\/try-td-2025-beta\/"},"modified":"2026-04-09T08:45:04","modified_gmt":"2026-04-09T07:45:04","slug":"novita-td2025","status":"publish","type":"page","link":"https:\/\/dptlab.com\/it\/novita-td2025\/","title":{"rendered":"TD2025 Note di Rilascio"},"content":{"rendered":"<h2>TD 2025 BETA<\/h2>\n<h2>Prova la nuova versione beta di ThinkDesign Revo 2025<\/h2>\n<p>\u00a0<br \/>\nContattaci all&#8217;indirizzo <a href=\"mailto:info@dptlab.com?subject=TD2025 Beta\">info@dptlab.com<\/a> per ottenere l&#8217;ultima release e rimanere aggiornato su tutte le novit\u00e0.<br \/>\nNon vediamo l&#8217;ora di conoscere la tua opinione. Il tuo impegno nella fase di Beta test e il tuo feedback saranno fondamentali per aiutarci a migliorare ThinkDesign e a identificare e risolvere eventuali problemi in vista del rilascio ufficiale.<\/p>\n<h2>Novit\u00e0 di ThinkDesign 2025<\/h2>\n<h3>L&#8217;ultima versione di ThinkDesign include numerosi miglioramenti.Di seguito \u00e8 riportata una breve descrizione delle principali novit\u00e0.<\/h3>\n<p>&lt;!&#8211;<\/p>\n<h3><i class=\"icon-alert\" style=\"color:#1e78af\" aria-hidden=\"true\"><\/i> New!<\/h3>\n<p>&#8211;&gt;<\/p>\n<h2>Gestione di Assiemi complessi<\/h2>\n<h3>Miglioramenti nel workflow per la gestione dei componenti<\/h3>\n<p>Il comando &#8220;Nuovo componente&#8221; ora mantiene automaticamente le relazioni con le entit\u00e0 esterne, mentre i comandi &#8220;Riferimento esterno&#8221; e &#8220;Crea riferimento esterno&#8221; offrono maggiore flessibilit\u00e0 permettendo di rompere le relazioni con le entit\u00e0 esterne, estendendo questa funzionalit\u00e0 ad entit\u00e0 precedentemente non supportate. Altri miglioramenti includono correzioni sulla gestione dei riferimenti mancanti nella creazione dei componenti e nuove funzionalit\u00e0 per rilevare problemi e riparare modelli non coerenti realizzati con versioni precedenti.<\/p>\n<h2>Funzionalit\u00e0 avanzate dei Raccordi<\/h2>\n<h3>Miglioramenti al comando Raccordo spigoli<\/h3>\n<p>Per supportare casi di modellazione complessa, ThinkDesign 2025 introduce importanti aggiornamenti al comando &#8220;Raccordo spigoli&#8221;, migliorando il processo di progettazione con un rilevamento delle collisioni pi\u00f9 efficiente e una gestione pi\u00f9 precisa tra raccordi e spigoli vivi. Un nuovo algoritmo di propagazione delle collisioni garantisce raccordi continui e uniformi su geometrie complesse, mentre le capacit\u00e0 di regolazione automatica riducono al minimo la necessit\u00e0 di intervento manuale.<\/p>\n<p>&lt;!&#8211;<\/p>\n<h3><i class=\"icon-alert\" style=\"color:#1e78af\" aria-hidden=\"true\"><\/i> New!<\/h3>\n<p>&#8211;&gt;<\/p>\n<h2>Solidi ibridi<\/h2>\n<h3>Supporto di nuove modalit\u00e0 di gestione delle mesh<\/h3>\n<p>ThinkDesign 2025 introduce il concetto di Solidi ibridi e supporta ora i Solidi ibridi omogenei, nei quali tutte le facce sono mesh triangolari. \u00c8 possibile trasformare una mesh in un Solido ibrido e quindi effettuare su questo operazioni booleane, oltre alla possibilit\u00e0 di utilizzare le funzioni di modellazione principali (Implodi solido, Esplodi solido, ecc.). Anche il comando &#8220;Mesh da Solido&#8221; \u00e8 stato migliorato con due nuove modalit\u00e0: la modalit\u00e0 &#8220;Locale&#8221;, che permette di convertire in mesh solo determinate facce di un solido, e la modalit\u00e0 &#8220;Globale&#8221;, che introduce la nuova opzione &#8220;Unisci Mesh&#8221; che consente di creare una mesh unica per l&#8217;intero solido o mesh separate per ciascuna faccia del solido.<\/p>\n<h2>Scambio dati tra diversi formati CAD<\/h2>\n<h3>Aggiornamento dei convertitori<\/h3>\n<p>Scopri i formati file pi\u00f9 recenti supportati da TDXchangeReader e TDXchangeWriter.TDXchangeReader \u00e8 ora in grado di leggere:<\/p>\n<p>qualsiasi versione di CATIA\u00ae V5 fino alla V5-6R2024<br \/>\nqualsiasi versione di SolidWorks\u00a9 fino alla 2024<br \/>\nqualsiasi versione di Parasolid\u00ae fino alla v37.0<br \/>\nqualsiasi versione di Siemens NX\u2122 (Unigraphics) fino alla NX 2406<br \/>\nqualsiasi versione di JT fino alla 10.9<br \/>\nqualsiasi versione di Creo &#8211; Pro\/E fino alla 11.0<br \/>\nqualsiasi versione di Autodesk\u00ae Inventor\u00ae fino alla 2025<br \/>\nqualsiasi versione di ACIS\u00ae fino alla 2023<br \/>\nqualsiasi versione di Solid Edge\u00ae fino alla 2024.<br \/>\nTDXchangeWriter \u00e8 ora in grado di scrivere nei seguenti formati:<\/p>\n<p>versione v12.1 di Parasolid\u00ae<br \/>\nversione v5.0 di ACIS\u00ae<br \/>\nversione v10.0 di JT.<\/p>\n<h3>Ricevi novit\u00e0 e aggiornamenti dalla community dei ThinkDesigner!<\/h3>\n<p><a href=\"https:\/\/dptcorporate.us5.list-manage.com\/subscribe?u=991242d41e006d990efd0bc39&#038;id=6f255b0e31\" target=\"_blank\" rel=\"noopener\"><\/a>Iscriviti e ricevi tutte le informazioni relative a nuovi progetti e campagne direttamente al tuo indirizzo email.<\/p>\n","protected":false},"excerpt":{"rendered":"<p>TD 2025 BETA Prova la nuova versione beta di ThinkDesign Revo 2025 \u00a0 Contattaci all&#8217;indirizzo info@dptlab.com per ottenere l&#8217;ultima release e rimanere aggiornato su tutte le novit\u00e0. Non vediamo l&#8217;ora<span class=\"excerpt-hellip\"> [\u2026]<\/span><\/p>\n","protected":false},"author":1,"featured_media":0,"parent":0,"menu_order":0,"comment_status":"closed","ping_status":"closed","template":"","meta":{"footnotes":""},"class_list":["post-8739","page","type-page","status-publish","hentry"],"yoast_head":"<!-- This site is optimized with the Yoast SEO plugin v27.5 - https:\/\/yoast.com\/product\/yoast-seo-wordpress\/ -->\n<title>Novit\u00e0 di ThinkDesign 2025 | Software CAD DPT<\/title>\n<meta name=\"description\" content=\"Esplora le nuove possibilit\u00e0 di progettazione offerte dall&#039;ultima versione di ThinkDesign. Scopri le novit\u00e0 di ThinkDesign Revo 2025!\" \/>\n<meta name=\"robots\" content=\"index, follow, max-snippet:-1, max-image-preview:large, max-video-preview:-1\" \/>\n<link rel=\"canonical\" href=\"https:\/\/dptlab.com\/it\/novita-td2025\/\" \/>\n<meta property=\"og:locale\" content=\"it_IT\" \/>\n<meta property=\"og:type\" content=\"article\" \/>\n<meta property=\"og:title\" content=\"Novit\u00e0 di ThinkDesign 2025 | Software CAD DPT\" \/>\n<meta property=\"og:description\" content=\"Esplora le nuove possibilit\u00e0 di progettazione offerte dall&#039;ultima versione di ThinkDesign. Scopri le novit\u00e0 di ThinkDesign Revo 2025!\" \/>\n<meta property=\"og:url\" content=\"https:\/\/dptlab.com\/it\/novita-td2025\/\" \/>\n<meta property=\"og:site_name\" content=\"DPT\" \/>\n<meta property=\"article:modified_time\" content=\"2026-04-09T07:45:04+00:00\" \/>\n<meta name=\"twitter:card\" content=\"summary_large_image\" \/>\n<meta name=\"twitter:label1\" content=\"Tempo di lettura stimato\" \/>\n\t<meta name=\"twitter:data1\" content=\"3 minuti\" \/>\n<script type=\"application\/ld+json\" class=\"yoast-schema-graph\">{\"@context\":\"https:\\\/\\\/schema.org\",\"@graph\":[{\"@type\":\"WebPage\",\"@id\":\"https:\\\/\\\/dptlab.com\\\/it\\\/novita-td2025\\\/\",\"url\":\"https:\\\/\\\/dptlab.com\\\/it\\\/novita-td2025\\\/\",\"name\":\"Novit\u00e0 di ThinkDesign 2025 | Software CAD DPT\",\"isPartOf\":{\"@id\":\"https:\\\/\\\/dptlab.com\\\/#website\"},\"datePublished\":\"2025-01-17T13:30:27+00:00\",\"dateModified\":\"2026-04-09T07:45:04+00:00\",\"description\":\"Esplora le nuove possibilit\u00e0 di progettazione offerte dall'ultima versione di ThinkDesign. Scopri le novit\u00e0 di ThinkDesign Revo 2025!\",\"breadcrumb\":{\"@id\":\"https:\\\/\\\/dptlab.com\\\/it\\\/novita-td2025\\\/#breadcrumb\"},\"inLanguage\":\"it-IT\",\"potentialAction\":[{\"@type\":\"ReadAction\",\"target\":[\"https:\\\/\\\/dptlab.com\\\/it\\\/novita-td2025\\\/\"]}]},{\"@type\":\"BreadcrumbList\",\"@id\":\"https:\\\/\\\/dptlab.com\\\/it\\\/novita-td2025\\\/#breadcrumb\",\"itemListElement\":[{\"@type\":\"ListItem\",\"position\":1,\"name\":\"Home\",\"item\":\"https:\\\/\\\/dptlab.com\\\/\"},{\"@type\":\"ListItem\",\"position\":2,\"name\":\"TD2025 Note di Rilascio\"}]},{\"@type\":\"WebSite\",\"@id\":\"https:\\\/\\\/dptlab.com\\\/#website\",\"url\":\"https:\\\/\\\/dptlab.com\\\/\",\"name\":\"DPT\",\"description\":\"\",\"publisher\":{\"@id\":\"https:\\\/\\\/dptlab.com\\\/#organization\"},\"potentialAction\":[{\"@type\":\"SearchAction\",\"target\":{\"@type\":\"EntryPoint\",\"urlTemplate\":\"https:\\\/\\\/dptlab.com\\\/?s={search_term_string}\"},\"query-input\":{\"@type\":\"PropertyValueSpecification\",\"valueRequired\":true,\"valueName\":\"search_term_string\"}}],\"inLanguage\":\"it-IT\"},{\"@type\":\"Organization\",\"@id\":\"https:\\\/\\\/dptlab.com\\\/#organization\",\"name\":\"DPTLab\",\"url\":\"https:\\\/\\\/dptlab.com\\\/\",\"logo\":{\"@type\":\"ImageObject\",\"inLanguage\":\"it-IT\",\"@id\":\"https:\\\/\\\/dptlab.com\\\/#\\\/schema\\\/logo\\\/image\\\/\",\"url\":\"https:\\\/\\\/dptlab.com\\\/wp-content\\\/uploads\\\/2017\\\/02\\\/DPT-1.png\",\"contentUrl\":\"https:\\\/\\\/dptlab.com\\\/wp-content\\\/uploads\\\/2017\\\/02\\\/DPT-1.png\",\"width\":378,\"height\":339,\"caption\":\"DPTLab\"},\"image\":{\"@id\":\"https:\\\/\\\/dptlab.com\\\/#\\\/schema\\\/logo\\\/image\\\/\"},\"sameAs\":[\"https:\\\/\\\/www.linkedin.com\\\/company\\\/10653\\\/\"]}]}<\/script>\n<!-- \/ Yoast SEO plugin. -->","yoast_head_json":{"title":"Novit\u00e0 di ThinkDesign 2025 | Software CAD DPT","description":"Esplora le nuove possibilit\u00e0 di progettazione offerte dall'ultima versione di ThinkDesign. Scopri le novit\u00e0 di ThinkDesign Revo 2025!","robots":{"index":"index","follow":"follow","max-snippet":"max-snippet:-1","max-image-preview":"max-image-preview:large","max-video-preview":"max-video-preview:-1"},"canonical":"https:\/\/dptlab.com\/it\/novita-td2025\/","og_locale":"it_IT","og_type":"article","og_title":"Novit\u00e0 di ThinkDesign 2025 | Software CAD DPT","og_description":"Esplora le nuove possibilit\u00e0 di progettazione offerte dall'ultima versione di ThinkDesign. Scopri le novit\u00e0 di ThinkDesign Revo 2025!","og_url":"https:\/\/dptlab.com\/it\/novita-td2025\/","og_site_name":"DPT","article_modified_time":"2026-04-09T07:45:04+00:00","twitter_card":"summary_large_image","twitter_misc":{"Tempo di lettura stimato":"3 minuti"},"schema":{"@context":"https:\/\/schema.org","@graph":[{"@type":"WebPage","@id":"https:\/\/dptlab.com\/it\/novita-td2025\/","url":"https:\/\/dptlab.com\/it\/novita-td2025\/","name":"Novit\u00e0 di ThinkDesign 2025 | Software CAD DPT","isPartOf":{"@id":"https:\/\/dptlab.com\/#website"},"datePublished":"2025-01-17T13:30:27+00:00","dateModified":"2026-04-09T07:45:04+00:00","description":"Esplora le nuove possibilit\u00e0 di progettazione offerte dall'ultima versione di ThinkDesign. Scopri le novit\u00e0 di ThinkDesign Revo 2025!","breadcrumb":{"@id":"https:\/\/dptlab.com\/it\/novita-td2025\/#breadcrumb"},"inLanguage":"it-IT","potentialAction":[{"@type":"ReadAction","target":["https:\/\/dptlab.com\/it\/novita-td2025\/"]}]},{"@type":"BreadcrumbList","@id":"https:\/\/dptlab.com\/it\/novita-td2025\/#breadcrumb","itemListElement":[{"@type":"ListItem","position":1,"name":"Home","item":"https:\/\/dptlab.com\/"},{"@type":"ListItem","position":2,"name":"TD2025 Note di Rilascio"}]},{"@type":"WebSite","@id":"https:\/\/dptlab.com\/#website","url":"https:\/\/dptlab.com\/","name":"DPT","description":"","publisher":{"@id":"https:\/\/dptlab.com\/#organization"},"potentialAction":[{"@type":"SearchAction","target":{"@type":"EntryPoint","urlTemplate":"https:\/\/dptlab.com\/?s={search_term_string}"},"query-input":{"@type":"PropertyValueSpecification","valueRequired":true,"valueName":"search_term_string"}}],"inLanguage":"it-IT"},{"@type":"Organization","@id":"https:\/\/dptlab.com\/#organization","name":"DPTLab","url":"https:\/\/dptlab.com\/","logo":{"@type":"ImageObject","inLanguage":"it-IT","@id":"https:\/\/dptlab.com\/#\/schema\/logo\/image\/","url":"https:\/\/dptlab.com\/wp-content\/uploads\/2017\/02\/DPT-1.png","contentUrl":"https:\/\/dptlab.com\/wp-content\/uploads\/2017\/02\/DPT-1.png","width":378,"height":339,"caption":"DPTLab"},"image":{"@id":"https:\/\/dptlab.com\/#\/schema\/logo\/image\/"},"sameAs":["https:\/\/www.linkedin.com\/company\/10653\/"]}]}},"_links":{"self":[{"href":"https:\/\/dptlab.com\/it\/wp-json\/wp\/v2\/pages\/8739","targetHints":{"allow":["GET"]}}],"collection":[{"href":"https:\/\/dptlab.com\/it\/wp-json\/wp\/v2\/pages"}],"about":[{"href":"https:\/\/dptlab.com\/it\/wp-json\/wp\/v2\/types\/page"}],"author":[{"embeddable":true,"href":"https:\/\/dptlab.com\/it\/wp-json\/wp\/v2\/users\/1"}],"replies":[{"embeddable":true,"href":"https:\/\/dptlab.com\/it\/wp-json\/wp\/v2\/comments?post=8739"}],"version-history":[{"count":1,"href":"https:\/\/dptlab.com\/it\/wp-json\/wp\/v2\/pages\/8739\/revisions"}],"predecessor-version":[{"id":9278,"href":"https:\/\/dptlab.com\/it\/wp-json\/wp\/v2\/pages\/8739\/revisions\/9278"}],"wp:attachment":[{"href":"https:\/\/dptlab.com\/it\/wp-json\/wp\/v2\/media?parent=8739"}],"curies":[{"name":"wp","href":"https:\/\/api.w.org\/{rel}","templated":true}]}}