{"id":6742,"date":"2024-03-27T15:20:43","date_gmt":"2024-03-27T14:20:43","guid":{"rendered":"https:\/\/dptlab.com\/whats-new-in-td2024\/"},"modified":"2025-03-05T17:39:03","modified_gmt":"2025-03-05T16:39:03","slug":"novita-td2024","status":"publish","type":"page","link":"https:\/\/dptlab.com\/it\/novita-td2024\/","title":{"rendered":"TD2024 Note di Rilascio"},"content":{"rendered":"<h2>Novit\u00e0 di ThinkDesign 2024 Service Pack 2<\/h2>\n<h3>L&#8217;ultima versione di ThinkDesign include numerosi miglioramenti e la risoluzione di alcuni problemi.Di seguito \u00e8 riportata una breve descrizione delle principali novit\u00e0.<\/h3>\n<h2>Convertitori<\/h2>\n<p>TDXChangeReader &#8211; Aggiornamento dei formati supportati<\/p>\n<p>SolidWorks 2024<br \/>\nCatia V5-6R2024<br \/>\nParasolid 36.1<br \/>\nAutodesk Inventor 2025<br \/>\nCreo 11.0<br \/>\nSiemens NX 2406<\/p>\n<p>\u00a0<\/p>\n<h2>Issues and Fixes<\/h2>\n<p>Nella versione 2024.1 SP2 sono stati risolti diversi problemi relativi ai seguenti argomenti:<br \/>\n\u00a0<\/p>\n<p>Convertitori<\/p>\n<p>risolto \u201cInternal error when loading a STEP file\u201d<br \/>\nrisolto \u201cSolid Shells with Inverted Normals\u201d<br \/>\nrisolto \u201cMissing spheres in loading an IGES model\u201d<br \/>\nrisolto \u201cTD closes when opening a STEP file\u201d<\/p>\n<p>\u00a0<\/p>\n<p>Interfaccia Ribbon<\/p>\n<p>risolto \u201cThe Status Bar remains visible\u201d<br \/>\nrisolto \u201cIcons in the Mold Design and ThinkTeam tabs become blurry after switching between documents several times\u201d<br \/>\nrisolto \u201cMissing Lista componenti da DB command\u201d<br \/>\nrisolto \u201cThe context menu of the model structure title bar does not display the status of the tabs\u201d<br \/>\nrisolto \u201cThe Animation panel remains open even after closing the document\u201d<br \/>\nrisolto \u201cRibbon customizations are lost after installing any plugin\u201d<br \/>\nrisolto \u201cImproved stability of customizations\u201d<br \/>\nrisolto \u201cConfiguration Manager &#8211; Customization truncated data\u201d<\/p>\n<p>\u00a0<\/p>\n<p>ThinkTeamComando Editor del Ciclo di vita<\/p>\n<p>risolto \u201cTransaction permission messages\u201d<br \/>\nrisolto \u201cInsert new Transaction\u201d<\/p>\n<p>\u00a0<\/p>\n<p>2D Graphics<\/p>\n<p>risolto \u201cDrawing &#8211; Grab window for Hardcopy in 2D is not displayed\u201d<br \/>\nrisolto \u201cRegression Hardcopy mode in Print in 2D\u201d<br \/>\nrisolto \u201cDrawing &#8211; AR-SAND X-hatch not visible in graphic area\u201d<br \/>\nrisolto \u201cDrawing &#8211; Fix missing preview while dragging a view\u201d<br \/>\nrisolto \u201cGBG raster image or TIFF Black &amp; White 2D image flipped\u201d<\/p>\n<p>\u00a0<\/p>\n<p>Full Hybrid ModellingComandoAnalisi dello spessore<\/p>\n<p>risolto \u201cAnalysis not computed with current tessellation\u201d<br \/>\nrisolto \u201cInternal Error with Thickness analysis &#8211; Normal method\u201d<\/p>\n<p>\u00a0<\/p>\n<p>Bug fix<\/p>\n<p>risolto \u201cThe UI Ratio slider bar is always displayed at the center of the graphic area\u201d<br \/>\nrisolto \u201cThe UI File Open selection switches to the first item\u201d<br \/>\nrisolto \u201cIn the graph of the Two-Entity Distance Map command, the graph area and background have different colors\u201d<br \/>\nrisolto \u201cSolid features, edge simplification for Arc3d\u201d<br \/>\nrisolto \u201cSnap on mesh node in Smart Dimension command\u201d<\/p>\n<p>\u00a0<br \/>\nVerr\u00e0 inviata un\u2019email di notifica ai clienti i cui Casi sono stati risolti in questa release.<\/p>\n<h2>Novit\u00e0 di ThinkDesign 2024 Service Pack 1<\/h2>\n<h3>L&#8217;ultima versione di ThinkDesign include numerosi miglioramenti e la risoluzione di alcuni problemi.Di seguito \u00e8 riportata una breve descrizione delle principali novit\u00e0.<\/h3>\n<h2>Aggiornamento dell&#8217;integrazione con ANSYS<\/h2>\n<p>Oltre alle versioni v.2023 R1, v.2023 R2 e v.2024 R1, ThinkDesign 2024.1 SP1 \u00e8 ora integrato anche con Ansys Workbench v.2024 R2.<img decoding=\"async\" src=\"https:\/\/dptlab.com\/wp-content\/uploads\/Ansys_TechnologyPartner_row-300x31.png\" alt=\"\" \/><\/p>\n<h2>SDK per programmatori<\/h2>\n<p>\u00c8 stato aggiornato il Wizard di Visual Studio per COM AddIn di ThinkDesign per l&#8217;integrazione fino a Microsoft Visual Studio 2022.<\/p>\n<h2>Issues and Fixes<\/h2>\n<p>Nella versione 2024.1 SP1 sono stati risolti diversi problemi relativi ai seguenti argomenti:<\/p>\n<p>Interfaccia Ribbon<\/p>\n<p>risolto \u201cKeyboard short cut setting is not imported by Configuration manager\u201d<br \/>\nrisolto \u201cCommand path should be displayed for command search\u201d<br \/>\nnumerosi miglioramenti qualitativi<\/p>\n<p>\u00a0<\/p>\n<p>Comando Analisi dello spessore<\/p>\n<p>\u00a0<\/p>\n<p>2D Graphics<\/p>\n<p>risolto \u201cInsert image (.tif) not shown\u201d<br \/>\nnumerosi miglioramenti qualitativi<\/p>\n<p>\u00a0<\/p>\n<p>PMI &#8211; Product Manufacturing Information<\/p>\n<p>risolto \u201cNo Static dimension displayed when PMIs are inside components\u201d<\/p>\n<p>\u00a0<\/p>\n<p>Importazione di file 2D *.d<\/p>\n<p>risolto \u201cIssues in importing .d with shared groups\u201d<br \/>\nrisolto \u201cNever ending process opening a GBG raster file\u201d<\/p>\n<p>\u00a0<\/p>\n<p>Altri<\/p>\n<p>risolto \u201cCrash when redefining mating constraint with axial angle\u201d<br \/>\nnumerosi miglioramenti qualitativi<\/p>\n<p>\u00a0<br \/>\nVerr\u00e0 inviata un\u2019email di notifica ai clienti i cui Casi sono stati risolti in questa release.<\/p>\n<h2>Novit\u00e0 di ThinkDesign 2024<\/h2>\n<h3>L&#8217;ultima versione di ThinkDesign include numerosi miglioramenti. Di seguito \u00e8 riportata una breve descrizione delle nuove funzionalit\u00e0 principali.<\/h3>\n<h2>Interfaccia Ribbon<\/h2>\n<h3>Accessibilit\u00e0 ed efficienza<\/h3>\n<p>Un&#8217;interfaccia pi\u00f9 intuitiva, organizzata e facilmente navigabile che d\u00e0 pi\u00f9 possibilit\u00e0 agli utenti e migliora la loro esperienza d&#8217;uso. Al posto di menu e barre degli strumenti, la nuova Interfaccia Ribbon organizza i comandi in tab (categorie) e gruppi consentendo di individuarli rapidamente.<\/p>\n<h2>Grafica 2D<\/h2>\n<h3>Migliori prestazioni grafiche 2D<\/h3>\n<p>Nuovo sottosistema grafico che permette di ottenere prestazioni ottimali su disegni 2D di grandi dimensioni, sfruttando al meglio le capacit\u00e0 della GPU.<\/p>\n<h2>PMI &#8211; Product Manufacturing Information<\/h2>\n<h3>Supporto del formato STEP AP 242<\/h3>\n<p>Riduci l&#8217;uso dei disegni 2D, aumenta l&#8217;efficienza e migliora la comunicazione con la tua supply chain incorporando le informazioni necessarie alla produzione direttamente nel modello 3D all&#8217;interno di ThinkDesign.<\/p>\n<h2>Intersezione tra Mesh e Superfici, Mesh e Mesh<\/h2>\n<h3>Ampliamento delle funzionalit\u00e0 del comando Interseca curve<\/h3>\n<p>Fino alla versione precedente, il comando permetteva all&#8217;utente di creare solo le curve di intersezione tra superfici. In ThinkDesign 2024, \u00e8 possibile generare anche l&#8217;intersezione tra due mesh e quella tra mesh e superfici.<img decoding=\"async\" src=\"https:\/\/dptlab.com\/wp-content\/uploads\/CurveIntersecMeshSurf.jpg\" alt=\"\" \/><\/p>\n<h2>Analisi dello spessore<\/h2>\n<h3>Ottimizzazione dell&#8217;utilizzo dei materiali e riduzione dei tempi di stampa 3D<\/h3>\n<p>Verifica se il modello soddisfa i requisiti minimi di spessore per la stampa 3D. Questo nuovo comando aiuta ad evitare potenziali problemi come deformazioni, collassi o eccessiva fragilit\u00e0 dovuti ad uno spessore inadeguato dell&#8217;oggetto da stampare, promuovendo al tempo stesso un uso funzionale delle risorse e una maggiore efficienza in produzione.<img decoding=\"async\" src=\"https:\/\/dptlab.com\/wp-content\/uploads\/Ansys_TechnologyPartner_logo-300x200.png\" alt=\"\" \/><\/p>\n<h2>Workflow integrato tra ThinkDesign e Ansys<\/h2>\n<h3>Disponibile il plug-in per Ansys Workbench<\/h3>\n<p>A partire dalla versione 2024, ThinkDesign fornisce un\u2019integrazione associativa con Ansys Workbench, disponibile per tutti gli utilizzatori di ThinkDesign, consentendo loro di colmare con una facilit\u00e0 senza precedenti il divario tra progettazione e simulazione.<br \/>\n&lt;!&#8211;&nbsp;<br \/>\n<a class=\"button roundedwhite button_size_4\" href=\"https:\/\/dptlab.com\/it\/ansys-partnership\/\"     style=\"color:#ffffff;\" target=\"_blank\"    title=\"\"><span class=\"button_label\">Approfondisci<\/span><\/a>\n&#8211;&gt;<a href=\"https:\/\/dptlab.com\/it\/ansys-partnership-2\/\" target=\"_blank\" title=\"\" rel=\"noopener\">Approfondisci<\/a><\/p>\n<h2>Scambio dati tra diversi formati CAD<\/h2>\n<h3>Aggiornamento dei convertitori<\/h3>\n<p>Scopri i formati file pi\u00f9 recenti supportati da TDXchangeReader e TDXchangeWriter.<br \/>\n&lt;!&#8211;&nbsp;<br \/>\n<a class=\"button rounded button_size_4\" href=\"https:\/\/dptlab.com\/it\/prodotti\/tdxchange\/\"     style=\"color:#0483c3;\" target=\"_blank\"    title=\"\"><span class=\"button_label\">Approfondisci<\/span><\/a>\n&#8211;&gt;<a href=\"https:\/\/dptlab.com\/it\/prodotti\/tdxchange\/\" target=\"_blank\" title=\"\" rel=\"noopener\">Approfondisci<\/a><\/p>\n","protected":false},"excerpt":{"rendered":"<p>Novit\u00e0 di ThinkDesign 2024 Service Pack 2 L&#8217;ultima versione di ThinkDesign include numerosi miglioramenti e la risoluzione di alcuni problemi.Di seguito \u00e8 riportata una breve descrizione delle principali novit\u00e0. Convertitori<span class=\"excerpt-hellip\"> [\u2026]<\/span><\/p>\n","protected":false},"author":1,"featured_media":0,"parent":0,"menu_order":0,"comment_status":"closed","ping_status":"closed","template":"","meta":{"footnotes":""},"class_list":["post-6742","page","type-page","status-publish","hentry"],"yoast_head":"<!-- This site is optimized with the Yoast SEO plugin v27.6 - https:\/\/yoast.com\/product\/yoast-seo-wordpress\/ -->\n<title>Novit\u00e0 di ThinkDesign 2024 | Software CAD DPT<\/title>\n<meta name=\"description\" content=\"Esplora le nuove possibilit\u00e0 di progettazione offerte dall&#039;ultima versione di ThinkDesign. Scopri le novit\u00e0 di ThinkDesign 2024!\" \/>\n<meta name=\"robots\" content=\"index, follow, max-snippet:-1, max-image-preview:large, max-video-preview:-1\" \/>\n<link rel=\"canonical\" href=\"https:\/\/dptlab.com\/whats-new-in-td2024\/\" \/>\n<meta property=\"og:locale\" content=\"it_IT\" \/>\n<meta property=\"og:type\" content=\"article\" \/>\n<meta property=\"og:title\" content=\"Novit\u00e0 di ThinkDesign 2024 | Software CAD DPT\" \/>\n<meta property=\"og:description\" content=\"Esplora le nuove possibilit\u00e0 di progettazione offerte dall&#039;ultima versione di ThinkDesign. Scopri le novit\u00e0 di ThinkDesign 2024!\" \/>\n<meta property=\"og:url\" content=\"https:\/\/dptlab.com\/whats-new-in-td2024\/\" \/>\n<meta property=\"og:site_name\" content=\"DPT\" \/>\n<meta property=\"article:modified_time\" content=\"2025-03-05T16:39:03+00:00\" \/>\n<meta property=\"og:image\" content=\"https:\/\/dptlab.com\/wp-content\/uploads\/Ansys_TechnologyPartner_row-300x31.png\" \/>\n<meta name=\"twitter:card\" content=\"summary_large_image\" \/>\n<meta name=\"twitter:label1\" content=\"Tempo di lettura stimato\" \/>\n\t<meta name=\"twitter:data1\" content=\"5 minuti\" \/>\n<script type=\"application\/ld+json\" class=\"yoast-schema-graph\">{\"@context\":\"https:\\\/\\\/schema.org\",\"@graph\":[{\"@type\":\"WebPage\",\"@id\":\"https:\\\/\\\/dptlab.com\\\/whats-new-in-td2024\\\/\",\"url\":\"https:\\\/\\\/dptlab.com\\\/whats-new-in-td2024\\\/\",\"name\":\"Novit\u00e0 di ThinkDesign 2024 | Software CAD DPT\",\"isPartOf\":{\"@id\":\"https:\\\/\\\/dptlab.com\\\/#website\"},\"primaryImageOfPage\":{\"@id\":\"https:\\\/\\\/dptlab.com\\\/whats-new-in-td2024\\\/#primaryimage\"},\"image\":{\"@id\":\"https:\\\/\\\/dptlab.com\\\/whats-new-in-td2024\\\/#primaryimage\"},\"thumbnailUrl\":\"https:\\\/\\\/dptlab.com\\\/wp-content\\\/uploads\\\/Ansys_TechnologyPartner_row-300x31.png\",\"datePublished\":\"2024-03-27T14:20:43+00:00\",\"dateModified\":\"2025-03-05T16:39:03+00:00\",\"description\":\"Esplora le nuove possibilit\u00e0 di progettazione offerte dall'ultima versione di ThinkDesign. Scopri le novit\u00e0 di ThinkDesign 2024!\",\"breadcrumb\":{\"@id\":\"https:\\\/\\\/dptlab.com\\\/whats-new-in-td2024\\\/#breadcrumb\"},\"inLanguage\":\"it-IT\",\"potentialAction\":[{\"@type\":\"ReadAction\",\"target\":[\"https:\\\/\\\/dptlab.com\\\/whats-new-in-td2024\\\/\"]}]},{\"@type\":\"ImageObject\",\"inLanguage\":\"it-IT\",\"@id\":\"https:\\\/\\\/dptlab.com\\\/whats-new-in-td2024\\\/#primaryimage\",\"url\":\"https:\\\/\\\/dptlab.com\\\/wp-content\\\/uploads\\\/Ansys_TechnologyPartner_row-300x31.png\",\"contentUrl\":\"https:\\\/\\\/dptlab.com\\\/wp-content\\\/uploads\\\/Ansys_TechnologyPartner_row-300x31.png\"},{\"@type\":\"BreadcrumbList\",\"@id\":\"https:\\\/\\\/dptlab.com\\\/whats-new-in-td2024\\\/#breadcrumb\",\"itemListElement\":[{\"@type\":\"ListItem\",\"position\":1,\"name\":\"Home\",\"item\":\"https:\\\/\\\/dptlab.com\\\/\"},{\"@type\":\"ListItem\",\"position\":2,\"name\":\"TD2024 Note di Rilascio\"}]},{\"@type\":\"WebSite\",\"@id\":\"https:\\\/\\\/dptlab.com\\\/#website\",\"url\":\"https:\\\/\\\/dptlab.com\\\/\",\"name\":\"DPT\",\"description\":\"\",\"publisher\":{\"@id\":\"https:\\\/\\\/dptlab.com\\\/#organization\"},\"potentialAction\":[{\"@type\":\"SearchAction\",\"target\":{\"@type\":\"EntryPoint\",\"urlTemplate\":\"https:\\\/\\\/dptlab.com\\\/?s={search_term_string}\"},\"query-input\":{\"@type\":\"PropertyValueSpecification\",\"valueRequired\":true,\"valueName\":\"search_term_string\"}}],\"inLanguage\":\"it-IT\"},{\"@type\":\"Organization\",\"@id\":\"https:\\\/\\\/dptlab.com\\\/#organization\",\"name\":\"DPTLab\",\"url\":\"https:\\\/\\\/dptlab.com\\\/\",\"logo\":{\"@type\":\"ImageObject\",\"inLanguage\":\"it-IT\",\"@id\":\"https:\\\/\\\/dptlab.com\\\/#\\\/schema\\\/logo\\\/image\\\/\",\"url\":\"https:\\\/\\\/dptlab.com\\\/wp-content\\\/uploads\\\/2017\\\/02\\\/DPT-1.png\",\"contentUrl\":\"https:\\\/\\\/dptlab.com\\\/wp-content\\\/uploads\\\/2017\\\/02\\\/DPT-1.png\",\"width\":378,\"height\":339,\"caption\":\"DPTLab\"},\"image\":{\"@id\":\"https:\\\/\\\/dptlab.com\\\/#\\\/schema\\\/logo\\\/image\\\/\"},\"sameAs\":[\"https:\\\/\\\/www.linkedin.com\\\/company\\\/10653\\\/\"]}]}<\/script>\n<!-- \/ Yoast SEO plugin. -->","yoast_head_json":{"title":"Novit\u00e0 di ThinkDesign 2024 | Software CAD DPT","description":"Esplora le nuove possibilit\u00e0 di progettazione offerte dall'ultima versione di ThinkDesign. Scopri le novit\u00e0 di ThinkDesign 2024!","robots":{"index":"index","follow":"follow","max-snippet":"max-snippet:-1","max-image-preview":"max-image-preview:large","max-video-preview":"max-video-preview:-1"},"canonical":"https:\/\/dptlab.com\/whats-new-in-td2024\/","og_locale":"it_IT","og_type":"article","og_title":"Novit\u00e0 di ThinkDesign 2024 | Software CAD DPT","og_description":"Esplora le nuove possibilit\u00e0 di progettazione offerte dall'ultima versione di ThinkDesign. Scopri le novit\u00e0 di ThinkDesign 2024!","og_url":"https:\/\/dptlab.com\/whats-new-in-td2024\/","og_site_name":"DPT","article_modified_time":"2025-03-05T16:39:03+00:00","og_image":[{"url":"https:\/\/dptlab.com\/wp-content\/uploads\/Ansys_TechnologyPartner_row-300x31.png","type":"","width":"","height":""}],"twitter_card":"summary_large_image","twitter_misc":{"Tempo di lettura stimato":"5 minuti"},"schema":{"@context":"https:\/\/schema.org","@graph":[{"@type":"WebPage","@id":"https:\/\/dptlab.com\/whats-new-in-td2024\/","url":"https:\/\/dptlab.com\/whats-new-in-td2024\/","name":"Novit\u00e0 di ThinkDesign 2024 | Software CAD DPT","isPartOf":{"@id":"https:\/\/dptlab.com\/#website"},"primaryImageOfPage":{"@id":"https:\/\/dptlab.com\/whats-new-in-td2024\/#primaryimage"},"image":{"@id":"https:\/\/dptlab.com\/whats-new-in-td2024\/#primaryimage"},"thumbnailUrl":"https:\/\/dptlab.com\/wp-content\/uploads\/Ansys_TechnologyPartner_row-300x31.png","datePublished":"2024-03-27T14:20:43+00:00","dateModified":"2025-03-05T16:39:03+00:00","description":"Esplora le nuove possibilit\u00e0 di progettazione offerte dall'ultima versione di ThinkDesign. Scopri le novit\u00e0 di ThinkDesign 2024!","breadcrumb":{"@id":"https:\/\/dptlab.com\/whats-new-in-td2024\/#breadcrumb"},"inLanguage":"it-IT","potentialAction":[{"@type":"ReadAction","target":["https:\/\/dptlab.com\/whats-new-in-td2024\/"]}]},{"@type":"ImageObject","inLanguage":"it-IT","@id":"https:\/\/dptlab.com\/whats-new-in-td2024\/#primaryimage","url":"https:\/\/dptlab.com\/wp-content\/uploads\/Ansys_TechnologyPartner_row-300x31.png","contentUrl":"https:\/\/dptlab.com\/wp-content\/uploads\/Ansys_TechnologyPartner_row-300x31.png"},{"@type":"BreadcrumbList","@id":"https:\/\/dptlab.com\/whats-new-in-td2024\/#breadcrumb","itemListElement":[{"@type":"ListItem","position":1,"name":"Home","item":"https:\/\/dptlab.com\/"},{"@type":"ListItem","position":2,"name":"TD2024 Note di Rilascio"}]},{"@type":"WebSite","@id":"https:\/\/dptlab.com\/#website","url":"https:\/\/dptlab.com\/","name":"DPT","description":"","publisher":{"@id":"https:\/\/dptlab.com\/#organization"},"potentialAction":[{"@type":"SearchAction","target":{"@type":"EntryPoint","urlTemplate":"https:\/\/dptlab.com\/?s={search_term_string}"},"query-input":{"@type":"PropertyValueSpecification","valueRequired":true,"valueName":"search_term_string"}}],"inLanguage":"it-IT"},{"@type":"Organization","@id":"https:\/\/dptlab.com\/#organization","name":"DPTLab","url":"https:\/\/dptlab.com\/","logo":{"@type":"ImageObject","inLanguage":"it-IT","@id":"https:\/\/dptlab.com\/#\/schema\/logo\/image\/","url":"https:\/\/dptlab.com\/wp-content\/uploads\/2017\/02\/DPT-1.png","contentUrl":"https:\/\/dptlab.com\/wp-content\/uploads\/2017\/02\/DPT-1.png","width":378,"height":339,"caption":"DPTLab"},"image":{"@id":"https:\/\/dptlab.com\/#\/schema\/logo\/image\/"},"sameAs":["https:\/\/www.linkedin.com\/company\/10653\/"]}]}},"_links":{"self":[{"href":"https:\/\/dptlab.com\/it\/wp-json\/wp\/v2\/pages\/6742","targetHints":{"allow":["GET"]}}],"collection":[{"href":"https:\/\/dptlab.com\/it\/wp-json\/wp\/v2\/pages"}],"about":[{"href":"https:\/\/dptlab.com\/it\/wp-json\/wp\/v2\/types\/page"}],"author":[{"embeddable":true,"href":"https:\/\/dptlab.com\/it\/wp-json\/wp\/v2\/users\/1"}],"replies":[{"embeddable":true,"href":"https:\/\/dptlab.com\/it\/wp-json\/wp\/v2\/comments?post=6742"}],"version-history":[{"count":0,"href":"https:\/\/dptlab.com\/it\/wp-json\/wp\/v2\/pages\/6742\/revisions"}],"wp:attachment":[{"href":"https:\/\/dptlab.com\/it\/wp-json\/wp\/v2\/media?parent=6742"}],"curies":[{"name":"wp","href":"https:\/\/api.w.org\/{rel}","templated":true}]}}